{"id":57,"date":"2023-10-12T21:58:13","date_gmt":"2023-10-12T19:58:13","guid":{"rendered":"https:\/\/cocvolleyball.fr\/?page_id=57"},"modified":"2025-09-06T18:35:05","modified_gmt":"2025-09-06T16:35:05","slug":"ecole-de-volley","status":"publish","type":"page","link":"https:\/\/cocvolleyball.fr\/index.php\/ecole-de-volley\/","title":{"rendered":"JEUNES"},"content":{"rendered":"\n<figure class=\"wp-block-gallery has-nested-images columns-default is-cropped wp-block-gallery-1 is-layout-flex wp-block-gallery-is-layout-flex\">\n<figure class=\"wp-block-image size-full\"><img loading=\"lazy\" decoding=\"async\" width=\"800\" height=\"350\" data-id=\"310\" src=\"https:\/\/cocvolleyball.fr\/wp-content\/uploads\/2023\/12\/v1.jpg\" alt=\"\" class=\"wp-image-310\" srcset=\"https:\/\/cocvolleyball.fr\/wp-content\/uploads\/2023\/12\/v1.jpg 800w, https:\/\/cocvolleyball.fr\/wp-content\/uploads\/2023\/12\/v1-300x131.jpg 300w, https:\/\/cocvolleyball.fr\/wp-content\/uploads\/2023\/12\/v1-768x336.jpg 768w, https:\/\/cocvolleyball.fr\/wp-content\/uploads\/2023\/12\/v1-575x252.jpg 575w, https:\/\/cocvolleyball.fr\/wp-content\/uploads\/2023\/12\/v1-380x166.jpg 380w\" sizes=\"auto, (max-width: 800px) 100vw, 800px\" \/><\/figure>\n\n\n\n<figure class=\"wp-block-image size-large\"><img loading=\"lazy\" decoding=\"async\" width=\"800\" height=\"350\" data-id=\"308\" src=\"https:\/\/cocvolleyball.fr\/wp-content\/uploads\/2023\/12\/v2.jpg\" alt=\"\" class=\"wp-image-308\" srcset=\"https:\/\/cocvolleyball.fr\/wp-content\/uploads\/2023\/12\/v2.jpg 800w, https:\/\/cocvolleyball.fr\/wp-content\/uploads\/2023\/12\/v2-300x131.jpg 300w, https:\/\/cocvolleyball.fr\/wp-content\/uploads\/2023\/12\/v2-768x336.jpg 768w, https:\/\/cocvolleyball.fr\/wp-content\/uploads\/2023\/12\/v2-575x252.jpg 575w, https:\/\/cocvolleyball.fr\/wp-content\/uploads\/2023\/12\/v2-380x166.jpg 380w\" sizes=\"auto, (max-width: 800px) 100vw, 800px\" \/><\/figure>\n\n\n\n<figure class=\"wp-block-image size-large\"><img loading=\"lazy\" decoding=\"async\" width=\"800\" height=\"350\" data-id=\"307\" src=\"https:\/\/cocvolleyball.fr\/wp-content\/uploads\/2023\/12\/v3.jpg\" alt=\"\" class=\"wp-image-307\" srcset=\"https:\/\/cocvolleyball.fr\/wp-content\/uploads\/2023\/12\/v3.jpg 800w, https:\/\/cocvolleyball.fr\/wp-content\/uploads\/2023\/12\/v3-300x131.jpg 300w, https:\/\/cocvolleyball.fr\/wp-content\/uploads\/2023\/12\/v3-768x336.jpg 768w, https:\/\/cocvolleyball.fr\/wp-content\/uploads\/2023\/12\/v3-575x252.jpg 575w, https:\/\/cocvolleyball.fr\/wp-content\/uploads\/2023\/12\/v3-380x166.jpg 380w\" sizes=\"auto, (max-width: 800px) 100vw, 800px\" \/><\/figure>\n\n\n\n<figure class=\"wp-block-image size-large\"><img loading=\"lazy\" decoding=\"async\" width=\"800\" height=\"350\" data-id=\"309\" src=\"https:\/\/cocvolleyball.fr\/wp-content\/uploads\/2023\/12\/v4.jpg\" alt=\"\" class=\"wp-image-309\" srcset=\"https:\/\/cocvolleyball.fr\/wp-content\/uploads\/2023\/12\/v4.jpg 800w, https:\/\/cocvolleyball.fr\/wp-content\/uploads\/2023\/12\/v4-300x131.jpg 300w, https:\/\/cocvolleyball.fr\/wp-content\/uploads\/2023\/12\/v4-768x336.jpg 768w, https:\/\/cocvolleyball.fr\/wp-content\/uploads\/2023\/12\/v4-575x252.jpg 575w, https:\/\/cocvolleyball.fr\/wp-content\/uploads\/2023\/12\/v4-380x166.jpg 380w\" sizes=\"auto, (max-width: 800px) 100vw, 800px\" \/><\/figure>\n<\/figure>\n\n\n\n<h2 class=\"wp-block-heading\"><strong>D\u00e9couvrez l&#8217;\u00c9quipe jeune de Volley<\/strong><\/h2>\n\n\n\n<p>Bienvenue \u00e0 l&#8217;\u00e9cole de volley du COC Volley-ball ! Notre \u00e9cole de volley est bien plus qu&#8217;un simple lieu d&#8217;apprentissage du sport ; c&#8217;est le berceau o\u00f9 les passionn\u00e9s de volley-ball d\u00e9veloppent leurs comp\u00e9tences, leur esprit d&#8217;\u00e9quipe et leur amour du jeu.<\/p>\n\n\n\n<h2 class=\"wp-block-heading\"><strong>Une Formation Adapt\u00e9e \u00e0 Tous les Niveaux<\/strong><\/h2>\n\n\n\n<p>Que vous soyez un d\u00e9butant curieux de d\u00e9couvrir les joies du volley-ball ou un jeune sportif ambitieux cherchant \u00e0 perfectionner ses comp\u00e9tences, notre \u00e9cole de volley offre des programmes adapt\u00e9s \u00e0 tous les niveaux d\u00e8s 6 ans. Nos entra\u00eeneurs passionn\u00e9s mettent en place des sessions interactives, garantissant que chaque joueur \u00e9volue \u00e0 son rythme tout en tirant le meilleur parti de son potentiel.<\/p>\n\n\n\n<h2 class=\"wp-block-heading\"><strong>\u00c9thique Sportive et Valeurs Humaines<\/strong><\/h2>\n\n\n\n<p>Au-del\u00e0 de l&#8217;apprentissage des techniques et des strat\u00e9gies de jeu, notre \u00e9cole de volley met un fort accent sur l&#8217;\u00e9thique sportive et les valeurs humaines. Nous encourageons nos \u00e9l\u00e8ves \u00e0 cultiver le respect, la camaraderie et la discipline, des qualit\u00e9s qui transcendent le terrain et qui sont essentielles pour grandir en tant que personne.<\/p>\n\n\n\n<div class=\"wp-block-columns is-layout-flex wp-container-core-columns-is-layout-9d6595d7 wp-block-columns-is-layout-flex\">\n<div class=\"wp-block-column infoEcole is-layout-flow wp-block-column-is-layout-flow\">\n<p class=\"has-color-6-color has-text-color has-background has-link-color wp-elements-8e1fd2c128f11e5a921a609687a092cc\" style=\"background-color:#008eb8\"><strong>Lieu : Salle ORION*<br>Entrainement : Les lundis de 18h15 \u00e0 19h30* <\/strong><br><strong>Tarif : \u00e0 partir de 75\u20ac<\/strong><br><br><em>* Pendant la dur\u00e9e des travaux du COSEC<\/em><\/p>\n<\/div>\n<\/div>\n","protected":false},"excerpt":{"rendered":"<p>D\u00e9couvrez l&#8217;\u00c9quipe jeune de Volley Bienvenue \u00e0 l&#8217;\u00e9cole de volley du COC Volley-ball ! Notre \u00e9cole de volley est bien plus qu&#8217;un simple lieu d&#8217;apprentissage du sport ; c&#8217;est le [&hellip;]<\/p>\n","protected":false},"author":2,"featured_media":0,"parent":0,"menu_order":0,"comment_status":"closed","ping_status":"closed","template":"","meta":{"footnotes":""},"class_list":["post-57","page","type-page","status-publish","hentry"],"yoast_head":"<!-- This site is optimized with the Yoast SEO plugin v21.4 - https:\/\/yoast.com\/wordpress\/plugins\/seo\/ -->\n<title>JEUNES - COC Volleyball - Montval-sur-Loir<\/title>\n<meta name=\"robots\" content=\"index, follow, max-snippet:-1, max-image-preview:large, max-video-preview:-1\" \/>\n<link rel=\"canonical\" href=\"https:\/\/cocvolleyball.fr\/index.php\/ecole-de-volley\/\" \/>\n<meta property=\"og:locale\" content=\"en_US\" \/>\n<meta property=\"og:type\" content=\"article\" \/>\n<meta property=\"og:title\" content=\"JEUNES - COC Volleyball - Montval-sur-Loir\" \/>\n<meta property=\"og:description\" content=\"D\u00e9couvrez l&#8217;\u00c9quipe jeune de Volley Bienvenue \u00e0 l&#8217;\u00e9cole de volley du COC Volley-ball ! Notre \u00e9cole de volley est bien plus qu&#8217;un simple lieu d&#8217;apprentissage du sport ; c&#8217;est le [&hellip;]\" \/>\n<meta property=\"og:url\" content=\"https:\/\/cocvolleyball.fr\/index.php\/ecole-de-volley\/\" \/>\n<meta property=\"og:site_name\" content=\"COC Volleyball - Montval-sur-Loir\" \/>\n<meta property=\"article:modified_time\" content=\"2025-09-06T16:35:05+00:00\" \/>\n<meta property=\"og:image\" content=\"https:\/\/cocvolleyball.fr\/wp-content\/uploads\/2023\/12\/v1.jpg\" \/>\n<meta name=\"twitter:card\" content=\"summary_large_image\" \/>\n<meta name=\"twitter:label1\" content=\"Est. reading time\" \/>\n\t<meta name=\"twitter:data1\" content=\"2 minutes\" \/>\n<script type=\"application\/ld+json\" class=\"yoast-schema-graph\">{\"@context\":\"https:\/\/schema.org\",\"@graph\":[{\"@type\":\"WebPage\",\"@id\":\"https:\/\/cocvolleyball.fr\/index.php\/ecole-de-volley\/\",\"url\":\"https:\/\/cocvolleyball.fr\/index.php\/ecole-de-volley\/\",\"name\":\"JEUNES - COC Volleyball - Montval-sur-Loir\",\"isPartOf\":{\"@id\":\"https:\/\/cocvolleyball.fr\/#website\"},\"datePublished\":\"2023-10-12T19:58:13+00:00\",\"dateModified\":\"2025-09-06T16:35:05+00:00\",\"breadcrumb\":{\"@id\":\"https:\/\/cocvolleyball.fr\/index.php\/ecole-de-volley\/#breadcrumb\"},\"inLanguage\":\"en-US\",\"potentialAction\":[{\"@type\":\"ReadAction\",\"target\":[\"https:\/\/cocvolleyball.fr\/index.php\/ecole-de-volley\/\"]}]},{\"@type\":\"BreadcrumbList\",\"@id\":\"https:\/\/cocvolleyball.fr\/index.php\/ecole-de-volley\/#breadcrumb\",\"itemListElement\":[{\"@type\":\"ListItem\",\"position\":1,\"name\":\"Accueil\",\"item\":\"https:\/\/cocvolleyball.fr\/\"},{\"@type\":\"ListItem\",\"position\":2,\"name\":\"JEUNES\"}]},{\"@type\":\"WebSite\",\"@id\":\"https:\/\/cocvolleyball.fr\/#website\",\"url\":\"https:\/\/cocvolleyball.fr\/\",\"name\":\"COC Volleyball - Montval-sur-Loir\",\"description\":\"\",\"publisher\":{\"@id\":\"https:\/\/cocvolleyball.fr\/#organization\"},\"potentialAction\":[{\"@type\":\"SearchAction\",\"target\":{\"@type\":\"EntryPoint\",\"urlTemplate\":\"https:\/\/cocvolleyball.fr\/?s={search_term_string}\"},\"query-input\":\"required name=search_term_string\"}],\"inLanguage\":\"en-US\"},{\"@type\":\"Organization\",\"@id\":\"https:\/\/cocvolleyball.fr\/#organization\",\"name\":\"COC Volleyball - Montval-sur-Loir\",\"url\":\"https:\/\/cocvolleyball.fr\/\",\"logo\":{\"@type\":\"ImageObject\",\"inLanguage\":\"en-US\",\"@id\":\"https:\/\/cocvolleyball.fr\/#\/schema\/logo\/image\/\",\"url\":\"https:\/\/cocvolleyball.fr\/wp-content\/uploads\/2023\/09\/cropped-image.png\",\"contentUrl\":\"https:\/\/cocvolleyball.fr\/wp-content\/uploads\/2023\/09\/cropped-image.png\",\"width\":249,\"height\":231,\"caption\":\"COC Volleyball - Montval-sur-Loir\"},\"image\":{\"@id\":\"https:\/\/cocvolleyball.fr\/#\/schema\/logo\/image\/\"}}]}<\/script>\n<!-- \/ Yoast SEO plugin. -->","yoast_head_json":{"title":"JEUNES - COC Volleyball - Montval-sur-Loir","robots":{"index":"index","follow":"follow","max-snippet":"max-snippet:-1","max-image-preview":"max-image-preview:large","max-video-preview":"max-video-preview:-1"},"canonical":"https:\/\/cocvolleyball.fr\/index.php\/ecole-de-volley\/","og_locale":"en_US","og_type":"article","og_title":"JEUNES - COC Volleyball - Montval-sur-Loir","og_description":"D\u00e9couvrez l&#8217;\u00c9quipe jeune de Volley Bienvenue \u00e0 l&#8217;\u00e9cole de volley du COC Volley-ball ! Notre \u00e9cole de volley est bien plus qu&#8217;un simple lieu d&#8217;apprentissage du sport ; c&#8217;est le [&hellip;]","og_url":"https:\/\/cocvolleyball.fr\/index.php\/ecole-de-volley\/","og_site_name":"COC Volleyball - Montval-sur-Loir","article_modified_time":"2025-09-06T16:35:05+00:00","og_image":[{"url":"https:\/\/cocvolleyball.fr\/wp-content\/uploads\/2023\/12\/v1.jpg"}],"twitter_card":"summary_large_image","twitter_misc":{"Est. reading time":"2 minutes"},"schema":{"@context":"https:\/\/schema.org","@graph":[{"@type":"WebPage","@id":"https:\/\/cocvolleyball.fr\/index.php\/ecole-de-volley\/","url":"https:\/\/cocvolleyball.fr\/index.php\/ecole-de-volley\/","name":"JEUNES - COC Volleyball - Montval-sur-Loir","isPartOf":{"@id":"https:\/\/cocvolleyball.fr\/#website"},"datePublished":"2023-10-12T19:58:13+00:00","dateModified":"2025-09-06T16:35:05+00:00","breadcrumb":{"@id":"https:\/\/cocvolleyball.fr\/index.php\/ecole-de-volley\/#breadcrumb"},"inLanguage":"en-US","potentialAction":[{"@type":"ReadAction","target":["https:\/\/cocvolleyball.fr\/index.php\/ecole-de-volley\/"]}]},{"@type":"BreadcrumbList","@id":"https:\/\/cocvolleyball.fr\/index.php\/ecole-de-volley\/#breadcrumb","itemListElement":[{"@type":"ListItem","position":1,"name":"Accueil","item":"https:\/\/cocvolleyball.fr\/"},{"@type":"ListItem","position":2,"name":"JEUNES"}]},{"@type":"WebSite","@id":"https:\/\/cocvolleyball.fr\/#website","url":"https:\/\/cocvolleyball.fr\/","name":"COC Volleyball - Montval-sur-Loir","description":"","publisher":{"@id":"https:\/\/cocvolleyball.fr\/#organization"},"potentialAction":[{"@type":"SearchAction","target":{"@type":"EntryPoint","urlTemplate":"https:\/\/cocvolleyball.fr\/?s={search_term_string}"},"query-input":"required name=search_term_string"}],"inLanguage":"en-US"},{"@type":"Organization","@id":"https:\/\/cocvolleyball.fr\/#organization","name":"COC Volleyball - Montval-sur-Loir","url":"https:\/\/cocvolleyball.fr\/","logo":{"@type":"ImageObject","inLanguage":"en-US","@id":"https:\/\/cocvolleyball.fr\/#\/schema\/logo\/image\/","url":"https:\/\/cocvolleyball.fr\/wp-content\/uploads\/2023\/09\/cropped-image.png","contentUrl":"https:\/\/cocvolleyball.fr\/wp-content\/uploads\/2023\/09\/cropped-image.png","width":249,"height":231,"caption":"COC Volleyball - Montval-sur-Loir"},"image":{"@id":"https:\/\/cocvolleyball.fr\/#\/schema\/logo\/image\/"}}]}},"_links":{"self":[{"href":"https:\/\/cocvolleyball.fr\/index.php\/wp-json\/wp\/v2\/pages\/57","targetHints":{"allow":["GET"]}}],"collection":[{"href":"https:\/\/cocvolleyball.fr\/index.php\/wp-json\/wp\/v2\/pages"}],"about":[{"href":"https:\/\/cocvolleyball.fr\/index.php\/wp-json\/wp\/v2\/types\/page"}],"author":[{"embeddable":true,"href":"https:\/\/cocvolleyball.fr\/index.php\/wp-json\/wp\/v2\/users\/2"}],"replies":[{"embeddable":true,"href":"https:\/\/cocvolleyball.fr\/index.php\/wp-json\/wp\/v2\/comments?post=57"}],"version-history":[{"count":6,"href":"https:\/\/cocvolleyball.fr\/index.php\/wp-json\/wp\/v2\/pages\/57\/revisions"}],"predecessor-version":[{"id":529,"href":"https:\/\/cocvolleyball.fr\/index.php\/wp-json\/wp\/v2\/pages\/57\/revisions\/529"}],"wp:attachment":[{"href":"https:\/\/cocvolleyball.fr\/index.php\/wp-json\/wp\/v2\/media?parent=57"}],"curies":[{"name":"wp","href":"https:\/\/api.w.org\/{rel}","templated":true}]}}