{"id":416,"date":"2024-09-01T14:38:54","date_gmt":"2024-09-01T12:38:54","guid":{"rendered":"https:\/\/cocvolleyball.fr\/?page_id=416"},"modified":"2025-09-06T18:33:37","modified_gmt":"2025-09-06T16:33:37","slug":"homme","status":"publish","type":"page","link":"https:\/\/cocvolleyball.fr\/index.php\/homme\/","title":{"rendered":"Homme"},"content":{"rendered":"\n<figure class=\"wp-block-gallery has-nested-images columns-default is-cropped wp-block-gallery-1 is-layout-flex wp-block-gallery-is-layout-flex\">\n<figure class=\"wp-block-image size-large\"><img loading=\"lazy\" decoding=\"async\" width=\"683\" height=\"1024\" data-id=\"417\" src=\"https:\/\/cocvolleyball.fr\/wp-content\/uploads\/2024\/09\/pexels-photo-6203516-683x1024.webp\" alt=\"\" class=\"wp-image-417\" srcset=\"https:\/\/cocvolleyball.fr\/wp-content\/uploads\/2024\/09\/pexels-photo-6203516-683x1024.webp 683w, https:\/\/cocvolleyball.fr\/wp-content\/uploads\/2024\/09\/pexels-photo-6203516-200x300.webp 200w, https:\/\/cocvolleyball.fr\/wp-content\/uploads\/2024\/09\/pexels-photo-6203516-768x1151.webp 768w, https:\/\/cocvolleyball.fr\/wp-content\/uploads\/2024\/09\/pexels-photo-6203516-920x1379.webp 920w, https:\/\/cocvolleyball.fr\/wp-content\/uploads\/2024\/09\/pexels-photo-6203516-575x862.webp 575w, https:\/\/cocvolleyball.fr\/wp-content\/uploads\/2024\/09\/pexels-photo-6203516-380x569.webp 380w, https:\/\/cocvolleyball.fr\/wp-content\/uploads\/2024\/09\/pexels-photo-6203516.webp 1001w\" sizes=\"auto, (max-width: 683px) 100vw, 683px\" \/><\/figure>\n\n\n\n<figure class=\"wp-block-image size-large\"><img loading=\"lazy\" decoding=\"async\" width=\"683\" height=\"1024\" data-id=\"418\" src=\"https:\/\/cocvolleyball.fr\/wp-content\/uploads\/2024\/09\/pexels-photo-6203540-683x1024.webp\" alt=\"\" class=\"wp-image-418\" srcset=\"https:\/\/cocvolleyball.fr\/wp-content\/uploads\/2024\/09\/pexels-photo-6203540-683x1024.webp 683w, https:\/\/cocvolleyball.fr\/wp-content\/uploads\/2024\/09\/pexels-photo-6203540-200x300.webp 200w, https:\/\/cocvolleyball.fr\/wp-content\/uploads\/2024\/09\/pexels-photo-6203540-768x1151.webp 768w, https:\/\/cocvolleyball.fr\/wp-content\/uploads\/2024\/09\/pexels-photo-6203540-920x1379.webp 920w, https:\/\/cocvolleyball.fr\/wp-content\/uploads\/2024\/09\/pexels-photo-6203540-575x862.webp 575w, https:\/\/cocvolleyball.fr\/wp-content\/uploads\/2024\/09\/pexels-photo-6203540-380x569.webp 380w, https:\/\/cocvolleyball.fr\/wp-content\/uploads\/2024\/09\/pexels-photo-6203540.webp 1001w\" sizes=\"auto, (max-width: 683px) 100vw, 683px\" \/><\/figure>\n\n\n\n<figure class=\"wp-block-image size-large\"><img loading=\"lazy\" decoding=\"async\" width=\"683\" height=\"1024\" data-id=\"420\" src=\"https:\/\/cocvolleyball.fr\/wp-content\/uploads\/2024\/09\/pexels-photo-6203570-683x1024.webp\" alt=\"\" class=\"wp-image-420\" srcset=\"https:\/\/cocvolleyball.fr\/wp-content\/uploads\/2024\/09\/pexels-photo-6203570-683x1024.webp 683w, https:\/\/cocvolleyball.fr\/wp-content\/uploads\/2024\/09\/pexels-photo-6203570-200x300.webp 200w, https:\/\/cocvolleyball.fr\/wp-content\/uploads\/2024\/09\/pexels-photo-6203570-768x1151.webp 768w, https:\/\/cocvolleyball.fr\/wp-content\/uploads\/2024\/09\/pexels-photo-6203570-920x1379.webp 920w, https:\/\/cocvolleyball.fr\/wp-content\/uploads\/2024\/09\/pexels-photo-6203570-575x862.webp 575w, https:\/\/cocvolleyball.fr\/wp-content\/uploads\/2024\/09\/pexels-photo-6203570-380x569.webp 380w, https:\/\/cocvolleyball.fr\/wp-content\/uploads\/2024\/09\/pexels-photo-6203570.webp 1001w\" sizes=\"auto, (max-width: 683px) 100vw, 683px\" \/><\/figure>\n\n\n\n<figure class=\"wp-block-image size-large\"><img loading=\"lazy\" decoding=\"async\" width=\"1024\" height=\"684\" data-id=\"423\" src=\"https:\/\/cocvolleyball.fr\/wp-content\/uploads\/2024\/09\/pexels-photo-6203587-1024x684.jpg\" alt=\"\" class=\"wp-image-423\" srcset=\"https:\/\/cocvolleyball.fr\/wp-content\/uploads\/2024\/09\/pexels-photo-6203587-1024x684.jpg 1024w, https:\/\/cocvolleyball.fr\/wp-content\/uploads\/2024\/09\/pexels-photo-6203587-300x200.jpg 300w, https:\/\/cocvolleyball.fr\/wp-content\/uploads\/2024\/09\/pexels-photo-6203587-768x513.jpg 768w, https:\/\/cocvolleyball.fr\/wp-content\/uploads\/2024\/09\/pexels-photo-6203587-1536x1025.jpg 1536w, https:\/\/cocvolleyball.fr\/wp-content\/uploads\/2024\/09\/pexels-photo-6203587-2048x1367.jpg 2048w, https:\/\/cocvolleyball.fr\/wp-content\/uploads\/2024\/09\/pexels-photo-6203587-1140x761.jpg 1140w, https:\/\/cocvolleyball.fr\/wp-content\/uploads\/2024\/09\/pexels-photo-6203587-920x614.jpg 920w, https:\/\/cocvolleyball.fr\/wp-content\/uploads\/2024\/09\/pexels-photo-6203587-575x384.jpg 575w, https:\/\/cocvolleyball.fr\/wp-content\/uploads\/2024\/09\/pexels-photo-6203587-380x254.jpg 380w\" sizes=\"auto, (max-width: 1024px) 100vw, 1024px\" \/><\/figure>\n\n\n\n<figure class=\"wp-block-image size-large\"><img loading=\"lazy\" decoding=\"async\" width=\"683\" height=\"1024\" data-id=\"422\" src=\"https:\/\/cocvolleyball.fr\/wp-content\/uploads\/2024\/09\/pexels-photo-6203588-683x1024.webp\" alt=\"\" class=\"wp-image-422\" srcset=\"https:\/\/cocvolleyball.fr\/wp-content\/uploads\/2024\/09\/pexels-photo-6203588-683x1024.webp 683w, https:\/\/cocvolleyball.fr\/wp-content\/uploads\/2024\/09\/pexels-photo-6203588-200x300.webp 200w, https:\/\/cocvolleyball.fr\/wp-content\/uploads\/2024\/09\/pexels-photo-6203588-768x1151.webp 768w, https:\/\/cocvolleyball.fr\/wp-content\/uploads\/2024\/09\/pexels-photo-6203588-920x1379.webp 920w, https:\/\/cocvolleyball.fr\/wp-content\/uploads\/2024\/09\/pexels-photo-6203588-575x862.webp 575w, https:\/\/cocvolleyball.fr\/wp-content\/uploads\/2024\/09\/pexels-photo-6203588-380x569.webp 380w, https:\/\/cocvolleyball.fr\/wp-content\/uploads\/2024\/09\/pexels-photo-6203588.webp 1001w\" sizes=\"auto, (max-width: 683px) 100vw, 683px\" \/><\/figure>\n<\/figure>\n\n\n\n<h2 class=\"wp-block-heading\"><strong>Le Retour des Hommes en Championnat D\u00e9partemental<\/strong><\/h2>\n\n\n\n<p>La saison 2024-2025 marque un nouvel \u00e9lan pour le club cast\u00e9lorien avec le retour tant attendu du COC Volley en championnat d\u00e9partemental. Apr\u00e8s plusieurs ann\u00e9es d&#8217;absence, une nouvelle \u00e9quipe masculine se forme pour repr\u00e9senter fi\u00e8rement le club au niveau d\u00e9partemental. Cette initiative vise \u00e0 redonner vie \u00e0 la comp\u00e9tition masculine locale et \u00e0 offrir aux joueurs un cadre structur\u00e9 pour exprimer leur talent.<\/p>\n\n\n\n<p>Ce retour en force du COC Volley symbolise une renaissance pour le club, qui s&#8217;engage pleinement \u00e0 soutenir cette nouvelle \u00e9quipe d\u00e9partementale masculine. Les objectifs sont clairs : renforcer la pr\u00e9sence du volley masculin dans le d\u00e9partement, f\u00e9d\u00e9rer les passionn\u00e9s autour de ce sport dynamique, et redonner aux comp\u00e9titions locales tout leur \u00e9clat d&#8217;antan.<\/p>\n\n\n\n<p>Ne manquez pas l&#8217;occasion de suivre le COC Volley tout au long de cette saison 2024-2025. Les hommes sont de retour sur le terrain, pr\u00eats \u00e0 marquer l&#8217;histoire du volley d\u00e9partemental et \u00e0 conqu\u00e9rir de nouveaux sommets.<\/p>\n\n\n\n<p class=\"has-color-6-color has-text-color has-background has-link-color wp-elements-458e7dccf1a19caf4e2624469bb1aaea\" style=\"background-color:#008eb8\"><strong>Lieu : Salle ORION*<br>Entrainement : Les mercredi de 20h30 \u00e0 22h30*<br>Prix de licence : 150\u20ac <br>Contact : coc.volleyball@gmail.com \/ 06 35 54 84 62<\/strong><br><br><em>* Pendant la dur\u00e9e des travaux du COSEC<\/em><\/p>\n","protected":false},"excerpt":{"rendered":"<p>Le Retour des Hommes en Championnat D\u00e9partemental La saison 2024-2025 marque un nouvel \u00e9lan pour le club cast\u00e9lorien avec le retour tant attendu du COC Volley en championnat d\u00e9partemental. Apr\u00e8s [&hellip;]<\/p>\n","protected":false},"author":2,"featured_media":0,"parent":0,"menu_order":0,"comment_status":"closed","ping_status":"closed","template":"","meta":{"footnotes":""},"class_list":["post-416","page","type-page","status-publish","hentry"],"yoast_head":"<!-- This site is optimized with the Yoast SEO plugin v21.4 - https:\/\/yoast.com\/wordpress\/plugins\/seo\/ -->\n<title>Homme - COC Volleyball - Montval-sur-Loir<\/title>\n<meta name=\"robots\" content=\"index, follow, max-snippet:-1, max-image-preview:large, max-video-preview:-1\" \/>\n<link rel=\"canonical\" href=\"https:\/\/cocvolleyball.fr\/index.php\/homme\/\" \/>\n<meta property=\"og:locale\" content=\"en_US\" \/>\n<meta property=\"og:type\" content=\"article\" \/>\n<meta property=\"og:title\" content=\"Homme - COC Volleyball - Montval-sur-Loir\" \/>\n<meta property=\"og:description\" content=\"Le Retour des Hommes en Championnat D\u00e9partemental La saison 2024-2025 marque un nouvel \u00e9lan pour le club cast\u00e9lorien avec le retour tant attendu du COC Volley en championnat d\u00e9partemental. Apr\u00e8s [&hellip;]\" \/>\n<meta property=\"og:url\" content=\"https:\/\/cocvolleyball.fr\/index.php\/homme\/\" \/>\n<meta property=\"og:site_name\" content=\"COC Volleyball - Montval-sur-Loir\" \/>\n<meta property=\"article:modified_time\" content=\"2025-09-06T16:33:37+00:00\" \/>\n<meta property=\"og:image\" content=\"https:\/\/cocvolleyball.fr\/wp-content\/uploads\/2024\/09\/pexels-photo-6203516-683x1024.webp\" \/>\n<meta name=\"twitter:card\" content=\"summary_large_image\" \/>\n<meta name=\"twitter:label1\" content=\"Est. reading time\" \/>\n\t<meta name=\"twitter:data1\" content=\"2 minutes\" \/>\n<script type=\"application\/ld+json\" class=\"yoast-schema-graph\">{\"@context\":\"https:\/\/schema.org\",\"@graph\":[{\"@type\":\"WebPage\",\"@id\":\"https:\/\/cocvolleyball.fr\/index.php\/homme\/\",\"url\":\"https:\/\/cocvolleyball.fr\/index.php\/homme\/\",\"name\":\"Homme - COC Volleyball - Montval-sur-Loir\",\"isPartOf\":{\"@id\":\"https:\/\/cocvolleyball.fr\/#website\"},\"datePublished\":\"2024-09-01T12:38:54+00:00\",\"dateModified\":\"2025-09-06T16:33:37+00:00\",\"breadcrumb\":{\"@id\":\"https:\/\/cocvolleyball.fr\/index.php\/homme\/#breadcrumb\"},\"inLanguage\":\"en-US\",\"potentialAction\":[{\"@type\":\"ReadAction\",\"target\":[\"https:\/\/cocvolleyball.fr\/index.php\/homme\/\"]}]},{\"@type\":\"BreadcrumbList\",\"@id\":\"https:\/\/cocvolleyball.fr\/index.php\/homme\/#breadcrumb\",\"itemListElement\":[{\"@type\":\"ListItem\",\"position\":1,\"name\":\"Accueil\",\"item\":\"https:\/\/cocvolleyball.fr\/\"},{\"@type\":\"ListItem\",\"position\":2,\"name\":\"Homme\"}]},{\"@type\":\"WebSite\",\"@id\":\"https:\/\/cocvolleyball.fr\/#website\",\"url\":\"https:\/\/cocvolleyball.fr\/\",\"name\":\"COC Volleyball - Montval-sur-Loir\",\"description\":\"\",\"publisher\":{\"@id\":\"https:\/\/cocvolleyball.fr\/#organization\"},\"potentialAction\":[{\"@type\":\"SearchAction\",\"target\":{\"@type\":\"EntryPoint\",\"urlTemplate\":\"https:\/\/cocvolleyball.fr\/?s={search_term_string}\"},\"query-input\":\"required name=search_term_string\"}],\"inLanguage\":\"en-US\"},{\"@type\":\"Organization\",\"@id\":\"https:\/\/cocvolleyball.fr\/#organization\",\"name\":\"COC Volleyball - Montval-sur-Loir\",\"url\":\"https:\/\/cocvolleyball.fr\/\",\"logo\":{\"@type\":\"ImageObject\",\"inLanguage\":\"en-US\",\"@id\":\"https:\/\/cocvolleyball.fr\/#\/schema\/logo\/image\/\",\"url\":\"https:\/\/cocvolleyball.fr\/wp-content\/uploads\/2023\/09\/cropped-image.png\",\"contentUrl\":\"https:\/\/cocvolleyball.fr\/wp-content\/uploads\/2023\/09\/cropped-image.png\",\"width\":249,\"height\":231,\"caption\":\"COC Volleyball - Montval-sur-Loir\"},\"image\":{\"@id\":\"https:\/\/cocvolleyball.fr\/#\/schema\/logo\/image\/\"}}]}<\/script>\n<!-- \/ Yoast SEO plugin. -->","yoast_head_json":{"title":"Homme - COC Volleyball - Montval-sur-Loir","robots":{"index":"index","follow":"follow","max-snippet":"max-snippet:-1","max-image-preview":"max-image-preview:large","max-video-preview":"max-video-preview:-1"},"canonical":"https:\/\/cocvolleyball.fr\/index.php\/homme\/","og_locale":"en_US","og_type":"article","og_title":"Homme - COC Volleyball - Montval-sur-Loir","og_description":"Le Retour des Hommes en Championnat D\u00e9partemental La saison 2024-2025 marque un nouvel \u00e9lan pour le club cast\u00e9lorien avec le retour tant attendu du COC Volley en championnat d\u00e9partemental. Apr\u00e8s [&hellip;]","og_url":"https:\/\/cocvolleyball.fr\/index.php\/homme\/","og_site_name":"COC Volleyball - Montval-sur-Loir","article_modified_time":"2025-09-06T16:33:37+00:00","og_image":[{"url":"https:\/\/cocvolleyball.fr\/wp-content\/uploads\/2024\/09\/pexels-photo-6203516-683x1024.webp"}],"twitter_card":"summary_large_image","twitter_misc":{"Est. reading time":"2 minutes"},"schema":{"@context":"https:\/\/schema.org","@graph":[{"@type":"WebPage","@id":"https:\/\/cocvolleyball.fr\/index.php\/homme\/","url":"https:\/\/cocvolleyball.fr\/index.php\/homme\/","name":"Homme - COC Volleyball - Montval-sur-Loir","isPartOf":{"@id":"https:\/\/cocvolleyball.fr\/#website"},"datePublished":"2024-09-01T12:38:54+00:00","dateModified":"2025-09-06T16:33:37+00:00","breadcrumb":{"@id":"https:\/\/cocvolleyball.fr\/index.php\/homme\/#breadcrumb"},"inLanguage":"en-US","potentialAction":[{"@type":"ReadAction","target":["https:\/\/cocvolleyball.fr\/index.php\/homme\/"]}]},{"@type":"BreadcrumbList","@id":"https:\/\/cocvolleyball.fr\/index.php\/homme\/#breadcrumb","itemListElement":[{"@type":"ListItem","position":1,"name":"Accueil","item":"https:\/\/cocvolleyball.fr\/"},{"@type":"ListItem","position":2,"name":"Homme"}]},{"@type":"WebSite","@id":"https:\/\/cocvolleyball.fr\/#website","url":"https:\/\/cocvolleyball.fr\/","name":"COC Volleyball - Montval-sur-Loir","description":"","publisher":{"@id":"https:\/\/cocvolleyball.fr\/#organization"},"potentialAction":[{"@type":"SearchAction","target":{"@type":"EntryPoint","urlTemplate":"https:\/\/cocvolleyball.fr\/?s={search_term_string}"},"query-input":"required name=search_term_string"}],"inLanguage":"en-US"},{"@type":"Organization","@id":"https:\/\/cocvolleyball.fr\/#organization","name":"COC Volleyball - Montval-sur-Loir","url":"https:\/\/cocvolleyball.fr\/","logo":{"@type":"ImageObject","inLanguage":"en-US","@id":"https:\/\/cocvolleyball.fr\/#\/schema\/logo\/image\/","url":"https:\/\/cocvolleyball.fr\/wp-content\/uploads\/2023\/09\/cropped-image.png","contentUrl":"https:\/\/cocvolleyball.fr\/wp-content\/uploads\/2023\/09\/cropped-image.png","width":249,"height":231,"caption":"COC Volleyball - Montval-sur-Loir"},"image":{"@id":"https:\/\/cocvolleyball.fr\/#\/schema\/logo\/image\/"}}]}},"_links":{"self":[{"href":"https:\/\/cocvolleyball.fr\/index.php\/wp-json\/wp\/v2\/pages\/416","targetHints":{"allow":["GET"]}}],"collection":[{"href":"https:\/\/cocvolleyball.fr\/index.php\/wp-json\/wp\/v2\/pages"}],"about":[{"href":"https:\/\/cocvolleyball.fr\/index.php\/wp-json\/wp\/v2\/types\/page"}],"author":[{"embeddable":true,"href":"https:\/\/cocvolleyball.fr\/index.php\/wp-json\/wp\/v2\/users\/2"}],"replies":[{"embeddable":true,"href":"https:\/\/cocvolleyball.fr\/index.php\/wp-json\/wp\/v2\/comments?post=416"}],"version-history":[{"count":3,"href":"https:\/\/cocvolleyball.fr\/index.php\/wp-json\/wp\/v2\/pages\/416\/revisions"}],"predecessor-version":[{"id":526,"href":"https:\/\/cocvolleyball.fr\/index.php\/wp-json\/wp\/v2\/pages\/416\/revisions\/526"}],"wp:attachment":[{"href":"https:\/\/cocvolleyball.fr\/index.php\/wp-json\/wp\/v2\/media?parent=416"}],"curies":[{"name":"wp","href":"https:\/\/api.w.org\/{rel}","templated":true}]}}